{"id":150,"date":"2026-03-17T00:27:22","date_gmt":"2026-03-17T00:27:22","guid":{"rendered":"https:\/\/hiperichinas.com\/ve\/?page_id=150"},"modified":"2026-03-18T15:00:03","modified_gmt":"2026-03-18T15:00:03","slug":"la-torre-bienes-raices","status":"publish","type":"page","link":"https:\/\/hiperichinas.com\/ve\/la-torre-bienes-raices\/","title":{"rendered":"La Torre Bienes Ra\u00edces"},"content":{"rendered":"\n\n\n<div class=\"wp-block-columns is-layout-flex wp-container-core-columns-is-layout-9d6595d7 wp-block-columns-is-layout-flex\">\n<div class=\"wp-block-column is-layout-flow wp-block-column-is-layout-flow\" style=\"flex-basis:100%\"><\/div>\n<\/div>\n\n\n\n\n\n<p>latointer@gmail.com<\/p>\n\n\n\n<p><\/p>\n\n\n\n\n\n<p>502 4687 5194<\/p>\n\n\n\n\n\n<p><\/p>\n\n\n\nNombre de la empresa\u00a0 :<br>Inmobiliaria LA TORRE Bienes Ra\u00edces\u00a0<br>Direcci\u00f3n:\u00a0<br>29 avenida 30-70 z5, Colonia 20 de Octubre\u00a0<br>Tel\u00e9fono :<br>4687-5194\u00a0<br>wa.me\/+502 4687-5194<br>Correo electr\u00f3nico :<br><a href=\"mailto:latointer@gmail.com\" target=\"_blank\" rel=\"noreferrer noopener\">latointer@gmail.com<\/a>\u00a0<br>Website :<br><a href=\"http:\/\/latointer.com\" target=\"_blank\" rel=\"noreferrer noopener\">latointer.com<\/a><br><br><br>Descripci\u00f3n:<br>LA TORRE Bienes Ra\u00edces es una empresa guatemalteca con m\u00e1s de 25 a\u00f1os de experiencia en el mercado inmobiliario.<br>Dedicados a promover proyectos Inmobiliarios\u00a0 ( lotificaciones, urbanizaciones, condominios de apartamentos,\u00a0 oficinas, casas, town-houses, bodegas, ofi-bodegas, terrenos recreativos ) , gracias a nuestros aliados comerciales como Inmobiliarias amigas y Desarrolladores que nos dan la oportunidad de servirles, tambi\u00e9n incursionamos en el corretaje inmobiliario Premium<br>en la promoci\u00f3n exclusiva de Apartamentos y Oficinas en construcci\u00f3n vertical en Edificios con clientes particulares.<br>Fundada en 1995 nos hemos convertido en un referente para nuestros clientes gracias a nuestra pasi\u00f3n por el servicio que brindamos.<br>Por eso nuestro eslogan \u00bb Vender es nuestro destino y Servir es nuestro legado \u00ab<br><br><br>VISI\u00d3N\u00a0<br>Ofrecer soluciones Inmobiliarias innovadoras y personalizadas, que superan las expectativas de nuestros clientes.\u00a0<br><br><br>MISI\u00d3N\u00a0<br>Ser reconocidos por nuestros clientes y nuestros asociados comerciales, nos caracterizamos por nuestra seriedad y formalidad, integridad, transparencia en los procesos para llegar a la excelencia en cada cierre . Innovamos dia con dia utilizando las herramientas que est\u00e1n a nuestro alcance para estar vigentes y adaptarnos a las necesidades del mercado\n","protected":false},"excerpt":{"rendered":"","protected":false},"author":1,"featured_media":0,"parent":0,"menu_order":0,"comment_status":"closed","ping_status":"closed","template":"","meta":{"pagelayer_contact_templates":[],"_pagelayer_content":"","footnotes":""},"class_list":["post-150","page","type-page","status-publish","hentry"],"_links":{"self":[{"href":"https:\/\/hiperichinas.com\/ve\/wp-json\/wp\/v2\/pages\/150","targetHints":{"allow":["GET"]}}],"collection":[{"href":"https:\/\/hiperichinas.com\/ve\/wp-json\/wp\/v2\/pages"}],"about":[{"href":"https:\/\/hiperichinas.com\/ve\/wp-json\/wp\/v2\/types\/page"}],"author":[{"embeddable":true,"href":"https:\/\/hiperichinas.com\/ve\/wp-json\/wp\/v2\/users\/1"}],"replies":[{"embeddable":true,"href":"https:\/\/hiperichinas.com\/ve\/wp-json\/wp\/v2\/comments?post=150"}],"version-history":[{"count":12,"href":"https:\/\/hiperichinas.com\/ve\/wp-json\/wp\/v2\/pages\/150\/revisions"}],"predecessor-version":[{"id":167,"href":"https:\/\/hiperichinas.com\/ve\/wp-json\/wp\/v2\/pages\/150\/revisions\/167"}],"wp:attachment":[{"href":"https:\/\/hiperichinas.com\/ve\/wp-json\/wp\/v2\/media?parent=150"}],"curies":[{"name":"wp","href":"https:\/\/api.w.org\/{rel}","templated":true}]}}